{"id":559,"date":"2026-01-22T16:05:40","date_gmt":"2026-01-22T16:05:40","guid":{"rendered":"https:\/\/montreuxlibre.ch\/?page_id=559"},"modified":"2026-01-22T16:39:01","modified_gmt":"2026-01-22T16:39:01","slug":"candidats-municipalite","status":"publish","type":"page","link":"https:\/\/montreuxlibre.ch\/?page_id=559","title":{"rendered":"Candidats municipalit\u00e9"},"content":{"rendered":"\t\t<div data-elementor-type=\"wp-page\" data-elementor-id=\"559\" class=\"elementor elementor-559\">\n\t\t\t\t<div class=\"elementor-element elementor-element-1b719b3 e-flex e-con-boxed e-con e-parent\" data-id=\"1b719b3\" data-element_type=\"container\" data-settings=\"{&quot;background_background&quot;:&quot;classic&quot;}\">\n\t\t\t\t\t<div class=\"e-con-inner\">\n\t\t\t\t<div class=\"elementor-element elementor-element-7457392 elementor-widget elementor-widget-heading\" data-id=\"7457392\" data-element_type=\"widget\" data-widget_type=\"heading.default\">\n\t\t\t\t\t<h2 class=\"elementor-heading-title elementor-size-default\">Nos candidats \u00e0 la municipalit\u00e9<\/h2>\t\t\t\t<\/div>\n\t\t<div class=\"elementor-element elementor-element-6609bdb e-con-full e-flex e-con e-child\" data-id=\"6609bdb\" data-element_type=\"container\">\n\t\t<div class=\"elementor-element elementor-element-749ca36 e-con-full e-flex e-con e-child\" data-id=\"749ca36\" data-element_type=\"container\" data-settings=\"{&quot;background_background&quot;:&quot;classic&quot;}\">\n\t\t\t\t<div class=\"elementor-element elementor-element-82d1e72 elementor-position-left elementor-vertical-align-bottom elementor-widget elementor-widget-image-box\" data-id=\"82d1e72\" data-element_type=\"widget\" data-widget_type=\"image-box.default\">\n\t\t\t\t\t<div class=\"elementor-image-box-wrapper\"><figure class=\"elementor-image-box-img\"><img fetchpriority=\"high\" decoding=\"async\" width=\"1200\" height=\"1500\" src=\"https:\/\/montreuxlibre.ch\/wp-content\/uploads\/2026\/01\/emmanuel-getaz.jpg\" class=\"attachment-full size-full wp-image-117\" alt=\"Emmanuel G\u00e9taz\" srcset=\"https:\/\/montreuxlibre.ch\/wp-content\/uploads\/2026\/01\/emmanuel-getaz.jpg 1200w, https:\/\/montreuxlibre.ch\/wp-content\/uploads\/2026\/01\/emmanuel-getaz-240x300.jpg 240w, https:\/\/montreuxlibre.ch\/wp-content\/uploads\/2026\/01\/emmanuel-getaz-819x1024.jpg 819w, https:\/\/montreuxlibre.ch\/wp-content\/uploads\/2026\/01\/emmanuel-getaz-768x960.jpg 768w\" sizes=\"(max-width: 1200px) 100vw, 1200px\" \/><\/figure><div class=\"elementor-image-box-content\"><h3 class=\"elementor-image-box-title\">Emmanuel G\u00e9taz<\/h3><p class=\"elementor-image-box-description\">60 ans mari\u00e9, 2 enfants adultes. Conseiller communal, pr\u00e9sident Les Libres (Vaud), vice-pr\u00e9sident Assoc. Sauver les Grand-Pr\u00e9s, pr\u00e9sident Fond. Ibrahima Diop, pr\u00e9sident Fond. Cully Jazz<\/p><\/div><\/div>\t\t\t\t<\/div>\n\t\t\t\t<div class=\"elementor-element elementor-element-7cb9b71 elementor-widget-divider--view-line elementor-widget elementor-widget-divider\" data-id=\"7cb9b71\" data-element_type=\"widget\" data-widget_type=\"divider.default\">\n\t\t\t\t\t\t\t<div class=\"elementor-divider\">\n\t\t\t<span class=\"elementor-divider-separator\">\n\t\t\t\t\t\t<\/span>\n\t\t<\/div>\n\t\t\t\t\t\t<\/div>\n\t\t\t\t<div class=\"elementor-element elementor-element-b4caa69 elementor-widget elementor-widget-text-editor\" data-id=\"b4caa69\" data-element_type=\"widget\" data-widget_type=\"text-editor.default\">\n\t\t\t\t\t\t\t\t\t<p>Le OUI \u00e0 l\u2019initiative \u00abSauver les Grands-Pr\u00e9s\u00bb est le plus beau succ\u00e8s politique auquel j\u2019ai particip\u00e9. Faisons de ce lieu un parc magnifique pour la population! Ecologiste convaincu, je soutiens les \u00e9nergies renouvelables et la mobilit\u00e9 douce (subventions de 350.- aux AG). Prot\u00e9geons le patrimoine b\u00e2ti de Montreux: NON au bunker de la salle triple de gymnastique \u00e0 l\u2019entr\u00e9e de la vieille ville. Enfin, OUI \u00e0 des finances communales saines: les 10 millions \u00e9conomis\u00e9s sur le Centre de Congr\u00e8s sont un succ\u00e8s<\/p>\t\t\t\t\t\t\t\t<\/div>\n\t\t\t\t<\/div>\n\t\t<div class=\"elementor-element elementor-element-01ba459 e-con-full e-flex e-con e-child\" data-id=\"01ba459\" data-element_type=\"container\" data-settings=\"{&quot;background_background&quot;:&quot;classic&quot;}\">\n\t\t\t\t<div class=\"elementor-element elementor-element-29c9a73 elementor-position-left elementor-vertical-align-bottom elementor-widget elementor-widget-image-box\" data-id=\"29c9a73\" data-element_type=\"widget\" data-widget_type=\"image-box.default\">\n\t\t\t\t\t<div class=\"elementor-image-box-wrapper\"><figure class=\"elementor-image-box-img\"><img decoding=\"async\" width=\"1120\" height=\"1400\" src=\"https:\/\/montreuxlibre.ch\/wp-content\/uploads\/2026\/01\/yves-laurent-kundert.jpg\" class=\"attachment-full size-full wp-image-118\" alt=\"Yves-Laurent Kundert\" srcset=\"https:\/\/montreuxlibre.ch\/wp-content\/uploads\/2026\/01\/yves-laurent-kundert.jpg 1120w, https:\/\/montreuxlibre.ch\/wp-content\/uploads\/2026\/01\/yves-laurent-kundert-240x300.jpg 240w, https:\/\/montreuxlibre.ch\/wp-content\/uploads\/2026\/01\/yves-laurent-kundert-819x1024.jpg 819w, https:\/\/montreuxlibre.ch\/wp-content\/uploads\/2026\/01\/yves-laurent-kundert-768x960.jpg 768w\" sizes=\"(max-width: 1120px) 100vw, 1120px\" \/><\/figure><div class=\"elementor-image-box-content\"><h3 class=\"elementor-image-box-title\">Yves Laurent Kundert<\/h3><p class=\"elementor-image-box-description\">Coach en marketing, Mari\u00e9, 4 gar\u00e7ons. Pr\u00e9sident Montreux Libre, gouverneur de Vernex, Conseiller intercommunal du SIGE, secr\u00e9taire du Mus\u00e9e de Montreux, Conseiller communal 2003-2021.<\/p><\/div><\/div>\t\t\t\t<\/div>\n\t\t\t\t<div class=\"elementor-element elementor-element-7a6fcaa elementor-widget-divider--view-line elementor-widget elementor-widget-divider\" data-id=\"7a6fcaa\" data-element_type=\"widget\" data-widget_type=\"divider.default\">\n\t\t\t\t\t\t\t<div class=\"elementor-divider\">\n\t\t\t<span class=\"elementor-divider-separator\">\n\t\t\t\t\t\t<\/span>\n\t\t<\/div>\n\t\t\t\t\t\t<\/div>\n\t\t\t\t<div class=\"elementor-element elementor-element-928ccb8 elementor-widget elementor-widget-text-editor\" data-id=\"928ccb8\" data-element_type=\"widget\" data-widget_type=\"text-editor.default\">\n\t\t\t\t\t\t\t\t\t<p>Fort d\u2019un engagement de 17 ans comme conseiller communal, gouverneur de Vernex et de mon exp\u00e9rience de dirigeant, je souhaite mettre mes comp\u00e9tences au service de notre r\u00e9gion. Mari\u00e9 et p\u00e8re de quatre fils, je connais les d\u00e9fis des familles et de l\u2019\u00e9conomie locale. Ind\u00e9pendant, formateur et coach, j\u2019ai \u00e0 c\u0153ur de favoriser le dialogue et des solutions concr\u00e8tes. Mon objectif: une gestion rigoureuse et un soutien actif \u00e0 notre culture et \u00e0 nos institutions locales. Ensemble, agissons pour notre avenir!<\/p>\t\t\t\t\t\t\t\t<\/div>\n\t\t\t\t<\/div>\n\t\t\t\t<\/div>\n\t\t\t\t<div class=\"elementor-element elementor-element-b24afcf elementor-position-inline-end elementor-mobile-position-inline-end elementor-view-default elementor-widget elementor-widget-icon-box\" data-id=\"b24afcf\" data-element_type=\"widget\" data-widget_type=\"icon-box.default\">\n\t\t\t\t\t\t\t<div class=\"elementor-icon-box-wrapper\">\n\n\t\t\t\t\t\t<div class=\"elementor-icon-box-icon\">\n\t\t\t\t<a href=\"https:\/\/montreuxlibre.ch\/?page_id=135\" class=\"elementor-icon\" tabindex=\"-1\" aria-label=\"Candidats au conseil communal\">\n\t\t\t\t<svg aria-hidden=\"true\" class=\"e-font-icon-svg e-fas-long-arrow-alt-right\" viewBox=\"0 0 448 512\" xmlns=\"http:\/\/www.w3.org\/2000\/svg\"><path d=\"M313.941 216H12c-6.627 0-12 5.373-12 12v56c0 6.627 5.373 12 12 12h301.941v46.059c0 21.382 25.851 32.09 40.971 16.971l86.059-86.059c9.373-9.373 9.373-24.569 0-33.941l-86.059-86.059c-15.119-15.119-40.971-4.411-40.971 16.971V216z\"><\/path><\/svg>\t\t\t\t<\/a>\n\t\t\t<\/div>\n\t\t\t\n\t\t\t\t\t\t<div class=\"elementor-icon-box-content\">\n\n\t\t\t\t\t\t\t\t\t<h6 class=\"elementor-icon-box-title\">\n\t\t\t\t\t\t<a href=\"https:\/\/montreuxlibre.ch\/?page_id=135\" >\n\t\t\t\t\t\t\tCandidats au conseil communal\t\t\t\t\t\t<\/a>\n\t\t\t\t\t<\/h6>\n\t\t\t\t\n\t\t\t\t\n\t\t\t<\/div>\n\t\t\t\n\t\t<\/div>\n\t\t\t\t\t\t<\/div>\n\t\t\t\t\t<\/div>\n\t\t\t\t<\/div>\n\t\t<div class=\"elementor-element elementor-element-0687e44 e-flex e-con-boxed e-con e-parent\" data-id=\"0687e44\" data-element_type=\"container\" data-settings=\"{&quot;background_background&quot;:&quot;gradient&quot;}\">\n\t\t\t\t\t<div class=\"e-con-inner\">\n\t\t\t\t<div class=\"elementor-element elementor-element-a2227e5 elementor-widget elementor-widget-heading\" data-id=\"a2227e5\" data-element_type=\"widget\" data-widget_type=\"heading.default\">\n\t\t\t\t\t<h2 class=\"elementor-heading-title elementor-size-default\">Engagez-vous pour demain<\/h2>\t\t\t\t<\/div>\n\t\t\t\t<div class=\"elementor-element elementor-element-4ebf29d elementor-widget elementor-widget-text-editor\" data-id=\"4ebf29d\" data-element_type=\"widget\" data-widget_type=\"text-editor.default\">\n\t\t\t\t\t\t\t\t\tRejoignez le mouvement qui fait bouger les lignes \u00e0 Montreux. <br>Votre voix compte pour construire notre avenir.\t\t\t\t\t\t\t\t<\/div>\n\t\t<div class=\"elementor-element elementor-element-8685a8d e-con-full e-flex e-con e-child\" data-id=\"8685a8d\" data-element_type=\"container\">\n\t\t\t\t<div class=\"elementor-element elementor-element-1fcbf7a elementor-widget elementor-widget-button\" data-id=\"1fcbf7a\" data-element_type=\"widget\" data-widget_type=\"button.default\">\n\t\t\t\t\t\t\t\t\t\t<a class=\"elementor-button elementor-button-link elementor-size-sm\" href=\"https:\/\/montreuxlibre.ch\/?page_id=171\">\n\t\t\t\t\t\t<span class=\"elementor-button-content-wrapper\">\n\t\t\t\t\t\t<span class=\"elementor-button-icon\">\n\t\t\t\t<svg aria-hidden=\"true\" class=\"e-font-icon-svg e-far-eye\" viewBox=\"0 0 576 512\" xmlns=\"http:\/\/www.w3.org\/2000\/svg\"><path d=\"M288 144a110.94 110.94 0 0 0-31.24 5 55.4 55.4 0 0 1 7.24 27 56 56 0 0 1-56 56 55.4 55.4 0 0 1-27-7.24A111.71 111.71 0 1 0 288 144zm284.52 97.4C518.29 135.59 410.93 64 288 64S57.68 135.64 3.48 241.41a32.35 32.35 0 0 0 0 29.19C57.71 376.41 165.07 448 288 448s230.32-71.64 284.52-177.41a32.35 32.35 0 0 0 0-29.19zM288 400c-98.65 0-189.09-55-237.93-144C98.91 167 189.34 112 288 112s189.09 55 237.93 144C477.1 345 386.66 400 288 400z\"><\/path><\/svg>\t\t\t<\/span>\n\t\t\t\t\t\t\t\t\t<span class=\"elementor-button-text\">D\u00e9couvrez notre vision<\/span>\n\t\t\t\t\t<\/span>\n\t\t\t\t\t<\/a>\n\t\t\t\t\t\t\t\t<\/div>\n\t\t\t\t<div class=\"elementor-element elementor-element-a376807 elementor-widget elementor-widget-button\" data-id=\"a376807\" data-element_type=\"widget\" data-widget_type=\"button.default\">\n\t\t\t\t\t\t\t\t\t\t<a class=\"elementor-button elementor-button-link elementor-size-sm\" href=\"https:\/\/montreuxlibre.ch\/?page_id=209\">\n\t\t\t\t\t\t<span class=\"elementor-button-content-wrapper\">\n\t\t\t\t\t\t<span class=\"elementor-button-icon\">\n\t\t\t\t<svg aria-hidden=\"true\" class=\"e-font-icon-svg e-far-paper-plane\" viewBox=\"0 0 512 512\" xmlns=\"http:\/\/www.w3.org\/2000\/svg\"><path d=\"M440 6.5L24 246.4c-34.4 19.9-31.1 70.8 5.7 85.9L144 379.6V464c0 46.4 59.2 65.5 86.6 28.6l43.8-59.1 111.9 46.2c5.9 2.4 12.1 3.6 18.3 3.6 8.2 0 16.3-2.1 23.6-6.2 12.8-7.2 21.6-20 23.9-34.5l59.4-387.2c6.1-40.1-36.9-68.8-71.5-48.9zM192 464v-64.6l36.6 15.1L192 464zm212.6-28.7l-153.8-63.5L391 169.5c10.7-15.5-9.5-33.5-23.7-21.2L155.8 332.6 48 288 464 48l-59.4 387.3z\"><\/path><\/svg>\t\t\t<\/span>\n\t\t\t\t\t\t\t\t\t<span class=\"elementor-button-text\">Contact<\/span>\n\t\t\t\t\t<\/span>\n\t\t\t\t\t<\/a>\n\t\t\t\t\t\t\t\t<\/div>\n\t\t\t\t<\/div>\n\t\t\t\t\t<\/div>\n\t\t\t\t<\/div>\n\t\t\t\t<\/div>\n\t\t","protected":false},"excerpt":{"rendered":"<p>Nos candidats \u00e0 la municipalit\u00e9 Emmanuel G\u00e9taz 60 ans mari\u00e9, 2 enfants adultes. Conseiller communal, pr\u00e9sident Les Libres (Vaud), vice-pr\u00e9sident Assoc. Sauver les Grand-Pr\u00e9s, pr\u00e9sident Fond. Ibrahima Diop, pr\u00e9sident Fond. [&hellip;]<\/p>\n","protected":false},"author":1,"featured_media":0,"parent":0,"menu_order":0,"comment_status":"closed","ping_status":"closed","template":"","meta":{"_price":"","_stock":"","_tribe_ticket_header":"","_tribe_default_ticket_provider":"","_tribe_ticket_capacity":"0","_ticket_start_date":"","_ticket_end_date":"","_tribe_ticket_show_description":"","_tribe_ticket_show_not_going":false,"_tribe_ticket_use_global_stock":"","_tribe_ticket_global_stock_level":"","_global_stock_mode":"","_global_stock_cap":"","_tribe_rsvp_for_event":"","_tribe_ticket_going_count":"","_tribe_ticket_not_going_count":"","_tribe_tickets_list":"[]","_tribe_ticket_has_attendee_info_fields":false,"footnotes":"","_tec_slr_enabled":"","_tec_slr_layout":""},"class_list":["post-559","page","type-page","status-publish","hentry"],"ticketed":false,"_links":{"self":[{"href":"https:\/\/montreuxlibre.ch\/index.php?rest_route=\/wp\/v2\/pages\/559","targetHints":{"allow":["GET"]}}],"collection":[{"href":"https:\/\/montreuxlibre.ch\/index.php?rest_route=\/wp\/v2\/pages"}],"about":[{"href":"https:\/\/montreuxlibre.ch\/index.php?rest_route=\/wp\/v2\/types\/page"}],"author":[{"embeddable":true,"href":"https:\/\/montreuxlibre.ch\/index.php?rest_route=\/wp\/v2\/users\/1"}],"replies":[{"embeddable":true,"href":"https:\/\/montreuxlibre.ch\/index.php?rest_route=%2Fwp%2Fv2%2Fcomments&post=559"}],"version-history":[{"count":13,"href":"https:\/\/montreuxlibre.ch\/index.php?rest_route=\/wp\/v2\/pages\/559\/revisions"}],"predecessor-version":[{"id":594,"href":"https:\/\/montreuxlibre.ch\/index.php?rest_route=\/wp\/v2\/pages\/559\/revisions\/594"}],"wp:attachment":[{"href":"https:\/\/montreuxlibre.ch\/index.php?rest_route=%2Fwp%2Fv2%2Fmedia&parent=559"}],"curies":[{"name":"wp","href":"https:\/\/api.w.org\/{rel}","templated":true}]}}